{"id":10,"date":"2025-05-27T16:27:48","date_gmt":"2025-05-27T14:27:48","guid":{"rendered":"https:\/\/dis.coach\/?page_id=10"},"modified":"2025-07-08T09:40:35","modified_gmt":"2025-07-08T07:40:35","slug":"accueil","status":"publish","type":"page","link":"https:\/\/dis.coach\/","title":{"rendered":""},"content":{"rendered":"\n<div class=\"wp-block-group alignfull is-style-section-1 has-base-color has-contrast-background-color has-text-color has-background has-link-color has-medium-font-size wp-elements-1375e9bc7cdc7acc23140c89e28567a8 has-global-padding is-layout-constrained wp-container-core-group-is-layout-5f68569c wp-block-group-is-layout-constrained is-style-section-1--1\" style=\"margin-top:0;margin-bottom:0;padding-top:192px;padding-right:0;padding-bottom:192px;padding-left:0;background-image:url(&apos;https:\/\/dis.coach\/wp-content\/uploads\/2025\/07\/cc.png&apos;);background-position:50% 32%;background-size:cover;background-attachment:scroll;\">\n<div class=\"wp-block-columns alignwide is-layout-flex wp-container-core-columns-is-layout-66fad18a wp-block-columns-is-layout-flex\">\n<div class=\"wp-block-column is-layout-flow wp-block-column-is-layout-flow\" style=\"padding-right:var(--wp--preset--spacing--50);flex-basis:45%\">\n<div style=\"height:11px\" aria-hidden=\"true\" class=\"wp-block-spacer\"><\/div>\n<\/div>\n<\/div>\n<\/div>\n\n\n\n<div style=\"height:41px\" aria-hidden=\"true\" class=\"wp-block-spacer\"><\/div>\n\n\n\n<h1 class=\"wp-block-heading has-text-align-center\">Utilise le prototype<\/h1>\n\n\n\n<div class=\"wp-block-group alignfull has-global-padding is-layout-constrained wp-block-group-is-layout-constrained\" style=\"margin-top:0;margin-bottom:0\">\n<div class=\"wp-block-columns alignfull is-layout-flex wp-container-core-columns-is-layout-9c22b1e3 wp-block-columns-is-layout-flex\">\n<div class=\"wp-block-column is-vertically-aligned-center is-layout-flow wp-block-column-is-layout-flow\" style=\"padding-top:var(--wp--preset--spacing--60);padding-right:var(--wp--preset--spacing--60);padding-bottom:var(--wp--preset--spacing--60);padding-left:var(--wp--preset--spacing--60)\">\n<div class=\"wp-block-columns is-layout-flex wp-container-core-columns-is-layout-28f84493 wp-block-columns-is-layout-flex\">\n<div class=\"wp-block-column is-layout-flow wp-block-column-is-layout-flow\">\n<p class=\"has-text-align-center\">Pour les coachs<\/p>\n\n\n\n<div class=\"wp-block-buttons is-content-justification-center is-layout-flex wp-container-core-buttons-is-layout-a89b3969 wp-block-buttons-is-layout-flex\">\n<div class=\"wp-block-button is-style-fill\"><a class=\"wp-block-button__link has-custom-font-size wp-element-button\" href=\"http:\/\/discoach.fr\" style=\"font-size:clamp(1.146rem, 1.146rem + ((1vw - 0.2rem) * 1.026), 1.8rem);\">Clique ici<\/a><\/div>\n<\/div>\n<\/div>\n\n\n\n<div class=\"wp-block-column is-layout-flow wp-block-column-is-layout-flow\">\n<p class=\"has-text-align-center\">Pour les joueurs<\/p>\n\n\n\n<div class=\"wp-block-buttons is-content-justification-center is-layout-flex wp-container-core-buttons-is-layout-a89b3969 wp-block-buttons-is-layout-flex\">\n<div class=\"wp-block-button\"><a class=\"wp-block-button__link has-custom-font-size wp-element-button\" href=\"http:\/\/joueur.discoach.fr\" style=\"font-size:clamp(1.146rem, 1.146rem + ((1vw - 0.2rem) * 1.026), 1.8rem);\">Clique ici<\/a><\/div>\n<\/div>\n<\/div>\n<\/div>\n<\/div>\n<\/div>\n<\/div>\n\n\n\n<div class=\"wp-block-group alignfull has-global-padding is-layout-constrained wp-block-group-is-layout-constrained\" style=\"margin-top:0;margin-bottom:0;padding-top:var(--wp--preset--spacing--50);padding-bottom:var(--wp--preset--spacing--50)\">\n<div class=\"wp-block-columns alignwide is-layout-flex wp-container-core-columns-is-layout-fa584acd wp-block-columns-is-layout-flex\">\n<div class=\"wp-block-column is-vertically-aligned-center is-layout-flow wp-block-column-is-layout-flow\">\n<h2 class=\"wp-block-heading has-xx-large-font-size\">Notre projet<\/h2>\n\n\n\n<div style=\"height:18px\" aria-hidden=\"true\" class=\"wp-block-spacer\"><\/div>\n\n\n\n<p class=\"has-link-color has-medium-font-size wp-elements-1f52ab1c6ee0f85e2fe9846693ec9194\">DisCoach est un projet de recherche innovant centr\u00e9 sur l&rsquo;analyse des interactions entre <a href=\"https:\/\/www.discoach.fr\" data-type=\"link\" data-id=\"https:\/\/www.discoach.fr\">coachs<\/a> et <a href=\"https:\/\/joueur.discoach.fr\">joueurs<\/a> au tennis de table.&nbsp;Il combine observation en situation r\u00e9elle et analyse linguistique pour mieux comprendre comment le langage du coaching (mots, ton, style de communication) influence la performance et la motivation des joueurs, quels que soient leur \u00e2ge ou leur niveau.<\/p>\n\n\n\n<p class=\"has-medium-font-size\"><strong>Objectifs de la premi\u00e8re phase :<\/strong><\/p>\n\n\n\n<ul class=\"wp-block-list\">\n<li class=\"has-medium-font-size\"><strong>C\u00f4t\u00e9 coachs<\/strong>&nbsp;:&nbsp;collecter des enregistrements audio lors de comp\u00e9titions, retranscrire et anonymiser les \u00e9changes pour identifier des tendances, bonnes pratiques et strat\u00e9gies de communication efficaces.<\/li>\n\n\n\n<li class=\"has-medium-font-size\"><strong>C\u00f4t\u00e9 joueurs<\/strong>&nbsp;:&nbsp;enregistrer les d\u00e9briefings d&rsquo;entra\u00eenements ou de matchs afin de comprendre leurs besoins, fournir des journaux de bord de leurs activit\u00e9s et analyser leur ressenti pour leur proposer des conseils personnalis\u00e9s.<\/li>\n<\/ul>\n\n\n\n<p class=\"has-medium-font-size\">Les r\u00e9sultats de DisCoach visent \u00e0 enrichir la formation des coachs, am\u00e9liorer les pratiques d&rsquo;entra\u00eenement et d\u00e9velopper des outils p\u00e9dagogiques adapt\u00e9s au tennis de table, dans une d\u00e9marche de recherche appliqu\u00e9e au service du sport.<\/p>\n<\/div>\n\n\n\n<div class=\"wp-block-column is-vertically-aligned-center is-layout-flow wp-block-column-is-layout-flow\">\n<figure class=\"wp-block-image size-full\"><img loading=\"lazy\" decoding=\"async\" width=\"500\" height=\"500\" src=\"https:\/\/dis.coach\/wp-content\/uploads\/2025\/06\/Design-sans-titre-7.png\" alt=\"\" class=\"wp-image-38\" srcset=\"https:\/\/dis.coach\/wp-content\/uploads\/2025\/06\/Design-sans-titre-7.png 500w, https:\/\/dis.coach\/wp-content\/uploads\/2025\/06\/Design-sans-titre-7-300x300.png 300w, https:\/\/dis.coach\/wp-content\/uploads\/2025\/06\/Design-sans-titre-7-150x150.png 150w\" sizes=\"auto, (max-width: 500px) 100vw, 500px\" \/><\/figure>\n<\/div>\n<\/div>\n<\/div>\n\n\n\n<h1 class=\"wp-block-heading has-text-align-center\">D\u00e9couvre Discoach<\/h1>\n\n\n\n<hr class=\"wp-block-separator has-alpha-channel-opacity\"\/>\n\n\n\n<div class=\"wp-block-cover aligncenter is-light\"><span aria-hidden=\"true\" class=\"wp-block-cover__background has-background-dim\" style=\"background-color:#FFF\"><\/span><div class=\"wp-block-cover__inner-container is-layout-flow wp-block-cover-is-layout-flow\">\n<p class=\"has-text-align-center has-large-font-size\"><\/p>\n\n\n\n<figure class=\"wp-block-video\"><video height=\"1080\" style=\"aspect-ratio: 1920 \/ 1080;\" width=\"1920\" controls poster=\"https:\/\/dis.coach\/wp-content\/uploads\/2025\/06\/Miniature-teaser.png\" src=\"https:\/\/dis.coach\/wp-content\/uploads\/2025\/06\/TEASER-page-daccueil-1-1.mp4\"><\/video><\/figure>\n<\/div><\/div>\n\n\n\n<div class=\"wp-block-group alignfull has-global-padding is-layout-constrained wp-block-group-is-layout-constrained\" style=\"margin-top:0;margin-bottom:0;padding-top:var(--wp--preset--spacing--50);padding-bottom:var(--wp--preset--spacing--50)\">\n<h1 class=\"wp-block-heading has-text-align-center\">Nos partenaires<\/h1>\n\n\n\n<div style=\"height:10px\" aria-hidden=\"true\" class=\"wp-block-spacer\"><\/div>\n\n\n\n<hr class=\"wp-block-separator has-alpha-channel-opacity\"\/>\n\n\n\n<figure class=\"wp-block-image size-large\"><img loading=\"lazy\" decoding=\"async\" width=\"1024\" height=\"512\" src=\"https:\/\/dis.coach\/wp-content\/uploads\/2025\/06\/Design-sans-titre-14-1024x512.png\" alt=\"\" class=\"wp-image-184\" srcset=\"https:\/\/dis.coach\/wp-content\/uploads\/2025\/06\/Design-sans-titre-14-1024x512.png 1024w, https:\/\/dis.coach\/wp-content\/uploads\/2025\/06\/Design-sans-titre-14-300x150.png 300w, https:\/\/dis.coach\/wp-content\/uploads\/2025\/06\/Design-sans-titre-14-768x384.png 768w, https:\/\/dis.coach\/wp-content\/uploads\/2025\/06\/Design-sans-titre-14-1536x768.png 1536w, https:\/\/dis.coach\/wp-content\/uploads\/2025\/06\/Design-sans-titre-14-2048x1024.png 2048w\" sizes=\"auto, (max-width: 1024px) 100vw, 1024px\" \/><\/figure>\n\n\n\n<hr class=\"wp-block-separator has-alpha-channel-opacity\"\/>\n\n\n\n<div class=\"wp-block-columns alignwide is-layout-flex wp-container-core-columns-is-layout-fa584acd wp-block-columns-is-layout-flex\">\n<div class=\"wp-block-column is-vertically-aligned-center is-layout-flow wp-block-column-is-layout-flow\">\n<div class=\"wp-block-media-text has-media-on-the-right is-stacked-on-mobile\" style=\"grid-template-columns:auto 41%\"><div class=\"wp-block-media-text__content\">\n<h2 class=\"wp-block-heading\">Comment \u00e7a fonctionne ?<\/h2>\n\n\n\n<div style=\"height:19px\" aria-hidden=\"true\" class=\"wp-block-spacer\"><\/div>\n\n\n\n<p class=\"has-text-align-left\">Clique sur le bouton correspondant \u00e0 ton profil pour commencer.<\/p>\n\n\n\n<div style=\"height:18px\" aria-hidden=\"true\" class=\"wp-block-spacer\"><\/div>\n\n\n\n<div class=\"wp-block-buttons is-content-justification-center is-layout-flex wp-container-core-buttons-is-layout-a89b3969 wp-block-buttons-is-layout-flex\">\n<div class=\"wp-block-button\"><a class=\"wp-block-button__link wp-element-button\" href=\"https:\/\/dis.coach\/?page_id=45\">Tuto coach<\/a><\/div>\n\n\n\n<div class=\"wp-block-button\"><a class=\"wp-block-button__link wp-element-button\" href=\"https:\/\/dis.coach\/?page_id=45\">Tuto joueur<\/a><\/div>\n<\/div>\n\n\n\n<div style=\"height:51px\" aria-hidden=\"true\" class=\"wp-block-spacer\"><\/div>\n\n\n\n<p><\/p>\n<\/div><figure class=\"wp-block-media-text__media\"><img loading=\"lazy\" decoding=\"async\" width=\"500\" height=\"500\" src=\"https:\/\/dis.coach\/wp-content\/uploads\/2025\/06\/Design-sans-titre-15-4.png\" alt=\"\" class=\"wp-image-207 size-full\" srcset=\"https:\/\/dis.coach\/wp-content\/uploads\/2025\/06\/Design-sans-titre-15-4.png 500w, https:\/\/dis.coach\/wp-content\/uploads\/2025\/06\/Design-sans-titre-15-4-300x300.png 300w, https:\/\/dis.coach\/wp-content\/uploads\/2025\/06\/Design-sans-titre-15-4-150x150.png 150w\" sizes=\"auto, (max-width: 500px) 100vw, 500px\" \/><\/figure><\/div>\n\n\n\n<p><\/p>\n<\/div>\n<\/div>\n<\/div>\n\n\n\n<p><\/p>\n","protected":false},"excerpt":{"rendered":"<p>Utilise le prototype Pour les coachs Pour les joueurs Notre projet DisCoach est un projet de recherche innovant centr\u00e9 sur l&rsquo;analyse des interactions entre coachs et joueurs au tennis de table.&nbsp;Il combine observation en situation r\u00e9elle et analyse linguistique pour mieux comprendre comment le langage du coaching (mots, ton, style de communication) influence la performance [&hellip;]<\/p>\n","protected":false},"author":1,"featured_media":304,"parent":0,"menu_order":0,"comment_status":"closed","ping_status":"closed","template":"","meta":{"footnotes":""},"class_list":["post-10","page","type-page","status-publish","has-post-thumbnail","hentry"],"_links":{"self":[{"href":"https:\/\/dis.coach\/index.php?rest_route=\/wp\/v2\/pages\/10","targetHints":{"allow":["GET"]}}],"collection":[{"href":"https:\/\/dis.coach\/index.php?rest_route=\/wp\/v2\/pages"}],"about":[{"href":"https:\/\/dis.coach\/index.php?rest_route=\/wp\/v2\/types\/page"}],"author":[{"embeddable":true,"href":"https:\/\/dis.coach\/index.php?rest_route=\/wp\/v2\/users\/1"}],"replies":[{"embeddable":true,"href":"https:\/\/dis.coach\/index.php?rest_route=%2Fwp%2Fv2%2Fcomments&post=10"}],"version-history":[{"count":95,"href":"https:\/\/dis.coach\/index.php?rest_route=\/wp\/v2\/pages\/10\/revisions"}],"predecessor-version":[{"id":415,"href":"https:\/\/dis.coach\/index.php?rest_route=\/wp\/v2\/pages\/10\/revisions\/415"}],"wp:featuredmedia":[{"embeddable":true,"href":"https:\/\/dis.coach\/index.php?rest_route=\/wp\/v2\/media\/304"}],"wp:attachment":[{"href":"https:\/\/dis.coach\/index.php?rest_route=%2Fwp%2Fv2%2Fmedia&parent=10"}],"curies":[{"name":"wp","href":"https:\/\/api.w.org\/{rel}","templated":true}]}}