{"id":115,"date":"2025-06-02T16:32:24","date_gmt":"2025-06-02T14:32:24","guid":{"rendered":"https:\/\/dis.coach\/?page_id=115"},"modified":"2025-06-05T15:52:59","modified_gmt":"2025-06-05T13:52:59","slug":"115-2","status":"publish","type":"page","link":"https:\/\/dis.coach\/?page_id=115","title":{"rendered":"Consentement"},"content":{"rendered":"\n<div class=\"wp-block-group alignfull is-layout-flow wp-block-group-is-layout-flow\">\n<div class=\"wp-block-group alignfull has-global-padding is-layout-constrained wp-block-group-is-layout-constrained\" style=\"padding-top:var(--wp--preset--spacing--50);padding-bottom:var(--wp--preset--spacing--50)\">\n<h1 class=\"wp-block-heading\">Consentement<\/h1>\n\n\n\n<p>En participant au projet&nbsp;<strong>DisCoach<\/strong>, vous acceptez que&nbsp;<strong>vos \u00e9changes avec votre coach ou seul lors de vos matchs ou de vos entra\u00eenements soient enregistr\u00e9s \u00e0 des fins scientifiques<\/strong>. Ces enregistrements sont r\u00e9alis\u00e9s dans le&nbsp;<strong>respect de votre personne et de votre vie priv\u00e9e<\/strong>, et dans le but d\u2019\u00e9tudier et de mieux comprendre les pratiques de communication dans le tennis de table. Aucune \u00e9valuation individuelle des joueurs ne sera faite, et aucune pression ou modification de votre pratique ne vous sera demand\u00e9e.<\/p>\n\n\n\n<p>Les enregistrements seront&nbsp;<strong>retranscrits et anonymis\u00e9s<\/strong>&nbsp;: vous serez uniquement identifi\u00e9(e) par des informations g\u00e9n\u00e9rales comme votre cat\u00e9gorie d\u2019\u00e2ge, votre genre, votre classement et le fait d\u2019\u00eatre suivi ou non par ce coach. Si vous r\u00e9alisez un enregistrement seul(e), vous aurez la possibilit\u00e9 de choisir d\u2019\u00eatre d\u00e9sign\u00e9(e) par un pseudonyme ou non. Ces \u00e9l\u00e9ments permettront de pr\u00e9server votre anonymat tout en rendant l\u2019analyse possible.<\/p>\n\n\n\n<p>Les donn\u00e9es collect\u00e9es pourront \u00eatre utilis\u00e9es dans des publications acad\u00e9miques, des pr\u00e9sentations lors de colloques, des sessions de formation, et dans des plateformes ouvertes pour la recherche scientifique. Les enregistrements ne seront ni vendus ni utilis\u00e9s \u00e0 d\u2019autres fins que celles pr\u00e9vues par le projet.<\/p>\n\n\n\n<p>Ce projet s\u2019inscrit dans une d\u00e9marche&nbsp;<strong>\u00e9thique, transparente et bienveillante<\/strong>, visant \u00e0 valoriser la pratique du tennis de table et \u00e0 contribuer \u00e0 l\u2019am\u00e9lioration des pratiques de coaching.<\/p>\n<\/div>\n<\/div>\n\n\n\n<h2 class=\"wp-block-heading\">Documents de consentement :<\/h2>\n\n\n\n<div style=\"height:18px\" aria-hidden=\"true\" class=\"wp-block-spacer\"><\/div>\n\n\n\n<div class=\"wp-block-buttons is-content-justification-center is-layout-flex wp-container-core-buttons-is-layout-a89b3969 wp-block-buttons-is-layout-flex\">\n<div class=\"wp-block-button\"><a class=\"wp-block-button__link wp-element-button\" href=\"https:\/\/dis.coach\/wp-content\/uploads\/2025\/06\/DocumentsConsentement-Coach-1.pdf\">Consentement coach<\/a><\/div>\n\n\n\n<div class=\"wp-block-button\"><a class=\"wp-block-button__link wp-element-button\" href=\"https:\/\/dis.coach\/wp-content\/uploads\/2025\/06\/DocumentsConsentement-Joueur-1.pdf\">Consentement joueur<\/a><\/div>\n<\/div>\n\n\n\n<div style=\"height:100px\" aria-hidden=\"true\" class=\"wp-block-spacer\"><\/div>\n","protected":false},"excerpt":{"rendered":"<p>Consentement En participant au projet&nbsp;DisCoach, vous acceptez que&nbsp;vos \u00e9changes avec votre coach ou seul lors de vos matchs ou de vos entra\u00eenements soient enregistr\u00e9s \u00e0 des fins scientifiques. Ces enregistrements sont r\u00e9alis\u00e9s dans le&nbsp;respect de votre personne et de votre vie priv\u00e9e, et dans le but d\u2019\u00e9tudier et de mieux comprendre les pratiques de communication [&hellip;]<\/p>\n","protected":false},"author":3,"featured_media":0,"parent":0,"menu_order":0,"comment_status":"closed","ping_status":"closed","template":"","meta":{"footnotes":""},"class_list":["post-115","page","type-page","status-publish","hentry"],"_links":{"self":[{"href":"https:\/\/dis.coach\/index.php?rest_route=\/wp\/v2\/pages\/115","targetHints":{"allow":["GET"]}}],"collection":[{"href":"https:\/\/dis.coach\/index.php?rest_route=\/wp\/v2\/pages"}],"about":[{"href":"https:\/\/dis.coach\/index.php?rest_route=\/wp\/v2\/types\/page"}],"author":[{"embeddable":true,"href":"https:\/\/dis.coach\/index.php?rest_route=\/wp\/v2\/users\/3"}],"replies":[{"embeddable":true,"href":"https:\/\/dis.coach\/index.php?rest_route=%2Fwp%2Fv2%2Fcomments&post=115"}],"version-history":[{"count":10,"href":"https:\/\/dis.coach\/index.php?rest_route=\/wp\/v2\/pages\/115\/revisions"}],"predecessor-version":[{"id":254,"href":"https:\/\/dis.coach\/index.php?rest_route=\/wp\/v2\/pages\/115\/revisions\/254"}],"wp:attachment":[{"href":"https:\/\/dis.coach\/index.php?rest_route=%2Fwp%2Fv2%2Fmedia&parent=115"}],"curies":[{"name":"wp","href":"https:\/\/api.w.org\/{rel}","templated":true}]}}