{"id":218,"date":"2025-06-03T16:43:39","date_gmt":"2025-06-03T14:43:39","guid":{"rendered":"https:\/\/dis.coach\/?page_id=218"},"modified":"2025-06-11T11:19:10","modified_gmt":"2025-06-11T09:19:10","slug":"mentions-legales","status":"publish","type":"page","link":"https:\/\/dis.coach\/?page_id=218","title":{"rendered":"Mentions l\u00e9gales"},"content":{"rendered":"\n<p><strong>Mentions l\u00e9gales<\/strong><\/p>\n\n\n\n<p>Le site Web dis.coach, et ses d\u00e9riv\u00e9s est la propri\u00e9t\u00e9 de CY CERGY PARIS UNIVERSITE situ\u00e9e 33, BOULEVARD DU PORT 95011 CERGY-PONTOISE &#8211; N\u00b0 TVA IC : FR06130025976 &#8211; N\u00b0 Siret \/ Siren : 13002597600015 (ci-apr\u00e8s \u00ab CY \u00bb).<\/p>\n\n\n\n<p><strong>Edition, conception, h\u00e9bergement<\/strong><\/p>\n\n\n\n<p>Le Site Web est d\u00e9velopp\u00e9 par le laboratoire AGORA dont le si\u00e8ge social est situ\u00e9 \u00e0 la 33 boulevard du Port 95000 CERGY, e-mail : administration-agora@ml.u-cergy.fr.<\/p>\n\n\n\n<p>Directeur de publication : Julien Longhi.<\/p>\n\n\n\n<p>Accessibilit\u00e9 : non conforme<\/p>\n","protected":false},"excerpt":{"rendered":"<p>Mentions l\u00e9gales Le site Web dis.coach, et ses d\u00e9riv\u00e9s est la propri\u00e9t\u00e9 de CY CERGY PARIS UNIVERSITE situ\u00e9e 33, BOULEVARD DU PORT 95011 CERGY-PONTOISE &#8211; N\u00b0 TVA IC : FR06130025976 &#8211; N\u00b0 Siret \/ Siren : 13002597600015 (ci-apr\u00e8s \u00ab CY \u00bb). Edition, conception, h\u00e9bergement Le Site Web est d\u00e9velopp\u00e9 par le laboratoire AGORA dont le [&hellip;]<\/p>\n","protected":false},"author":3,"featured_media":0,"parent":0,"menu_order":0,"comment_status":"closed","ping_status":"closed","template":"","meta":{"footnotes":""},"class_list":["post-218","page","type-page","status-publish","hentry"],"_links":{"self":[{"href":"https:\/\/dis.coach\/index.php?rest_route=\/wp\/v2\/pages\/218","targetHints":{"allow":["GET"]}}],"collection":[{"href":"https:\/\/dis.coach\/index.php?rest_route=\/wp\/v2\/pages"}],"about":[{"href":"https:\/\/dis.coach\/index.php?rest_route=\/wp\/v2\/types\/page"}],"author":[{"embeddable":true,"href":"https:\/\/dis.coach\/index.php?rest_route=\/wp\/v2\/users\/3"}],"replies":[{"embeddable":true,"href":"https:\/\/dis.coach\/index.php?rest_route=%2Fwp%2Fv2%2Fcomments&post=218"}],"version-history":[{"count":4,"href":"https:\/\/dis.coach\/index.php?rest_route=\/wp\/v2\/pages\/218\/revisions"}],"predecessor-version":[{"id":298,"href":"https:\/\/dis.coach\/index.php?rest_route=\/wp\/v2\/pages\/218\/revisions\/298"}],"wp:attachment":[{"href":"https:\/\/dis.coach\/index.php?rest_route=%2Fwp%2Fv2%2Fmedia&parent=218"}],"curies":[{"name":"wp","href":"https:\/\/api.w.org\/{rel}","templated":true}]}}